{"id":94,"date":"2022-06-12T00:17:48","date_gmt":"2022-06-11T15:17:48","guid":{"rendered":"https:\/\/moribito3.net\/support\/?page_id=94"},"modified":"2023-12-25T12:01:05","modified_gmt":"2023-12-25T03:01:05","slug":"contact","status":"publish","type":"page","link":"https:\/\/moribito3.net\/support\/contact\/","title":{"rendered":"\u304a\u554f\u3044\u5408\u308f\u305b"},"content":{"rendered":"<div>\u4e0b\u8a18\u306e\u30d5\u30a9\u30fc\u30e0\u3088\u308a\u3001\u3069\u3046\u305e\u304a\u6c17\u8efd\u306b\u304a\u554f\u3044\u5408\u308f\u305b\u304f\u3060\u3055\u3044\u3002<\/div>\n<div><\/div>\n\n<div class=\"wpcf7 no-js\" id=\"wpcf7-f143-o1\" lang=\"ja\" dir=\"ltr\">\n<div class=\"screen-reader-response\"><p role=\"status\" aria-live=\"polite\" aria-atomic=\"true\"><\/p> <ul><\/ul><\/div>\n<form action=\"\/support\/wp-json\/wp\/v2\/pages\/94#wpcf7-f143-o1\" method=\"post\" class=\"wpcf7-form init\" aria-label=\"\u30b3\u30f3\u30bf\u30af\u30c8\u30d5\u30a9\u30fc\u30e0\" enctype=\"multipart\/form-data\" novalidate=\"novalidate\" data-status=\"init\">\n<div style=\"display: none;\">\n<input type=\"hidden\" name=\"_wpcf7\" value=\"143\" \/>\n<input type=\"hidden\" name=\"_wpcf7_version\" value=\"5.8\" \/>\n<input type=\"hidden\" name=\"_wpcf7_locale\" value=\"ja\" \/>\n<input type=\"hidden\" name=\"_wpcf7_unit_tag\" value=\"wpcf7-f143-o1\" \/>\n<input type=\"hidden\" name=\"_wpcf7_container_post\" value=\"0\" \/>\n<input type=\"hidden\" name=\"_wpcf7_posted_data_hash\" value=\"\" \/>\n<\/div>\n<table class=\"CF7_table\">\n\t<tbody>\n\t\t<tr>\n\t\t\t<th style=\"text-align: left; vertical-align: middle;\">\n\t\t\t\t<p><span class=\"CF7_req\">\u5fc5\u9808<\/span> \u3054\u76f8\u8ac7\u5185\u5bb9\n\t\t\t\t<\/p>\n\t\t\t<\/th>\n\t\t\t<td>\n\t\t\t\t<p><span class=\"wpcf7-form-control-wrap\" data-name=\"checkbox-inq\"><span class=\"wpcf7-form-control wpcf7-checkbox wpcf7-validates-as-required\"><span class=\"wpcf7-list-item first\"><input type=\"checkbox\" name=\"checkbox-inq[]\" value=\"\u30e2\u30cb\u30bf\u30fc\u30c4\u30a2\u30fc\u652f\u63f4\" \/><span class=\"wpcf7-list-item-label\">\u30e2\u30cb\u30bf\u30fc\u30c4\u30a2\u30fc\u652f\u63f4<\/span><\/span><span class=\"wpcf7-list-item\"><input type=\"checkbox\" name=\"checkbox-inq[]\" value=\"\u30a2\u30f3\u30b1\u30fc\u30c8\u652f\u63f4\" \/><span class=\"wpcf7-list-item-label\">\u30a2\u30f3\u30b1\u30fc\u30c8\u652f\u63f4<\/span><\/span><span class=\"wpcf7-list-item\"><input type=\"checkbox\" name=\"checkbox-inq[]\" value=\"\u30ea\u30b5\u30fc\u30c1\u652f\u63f4\" \/><span class=\"wpcf7-list-item-label\">\u30ea\u30b5\u30fc\u30c1\u652f\u63f4<\/span><\/span><span class=\"wpcf7-list-item last\"><input type=\"checkbox\" name=\"checkbox-inq[]\" value=\"\u305d\u306e\u4ed6\" \/><span class=\"wpcf7-list-item-label\">\u305d\u306e\u4ed6<\/span><\/span><\/span><\/span>\n\t\t\t\t<\/p>\n\t\t\t<\/td>\n\t\t<\/tr>\n\t\t<tr>\n\t\t\t<th style=\"text-align: left; vertical-align: middle;\">\n\t\t\t\t<p><span class=\"CF7_req\">\u5fc5\u9808<\/span> \u304a\u540d\u524d\n\t\t\t\t<\/p>\n\t\t\t<\/th>\n\t\t\t<td>\n\t\t\t\t<p><span class=\"wpcf7-form-control-wrap\" data-name=\"your-name\"><input size=\"40\" class=\"wpcf7-form-control wpcf7-text wpcf7-validates-as-required\" aria-required=\"true\" aria-invalid=\"false\" placeholder=\"\u4f8b\uff1a\u3042\u306a\u305f\u306e\u304a\u540d\u524d\" value=\"\" type=\"text\" name=\"your-name\" \/><\/span>\n\t\t\t\t<\/p>\n\t\t\t<\/td>\n\t\t<\/tr>\n\t\t<tr>\n\t\t\t<th style=\"text-align: left; vertical-align: middle;\">\n\t\t\t\t<p><span class=\"CF7_req\">\u5fc5\u9808<\/span> \u30e1\u30fc\u30eb\u30a2\u30c9\u30ec\u30b9\n\t\t\t\t<\/p>\n\t\t\t<\/th>\n\t\t\t<td>\n\t\t\t\t<p><span class=\"wpcf7-form-control-wrap\" data-name=\"your-email\"><input size=\"40\" class=\"wpcf7-form-control wpcf7-email wpcf7-validates-as-required wpcf7-text wpcf7-validates-as-email\" aria-required=\"true\" aria-invalid=\"false\" placeholder=\"\u4f8b\uff1a\u00d7\u00d7\u00d7@\u00d7\u00d7\u00d7.com\" value=\"\" type=\"email\" name=\"your-email\" \/><\/span>\n\t\t\t\t<\/p>\n\t\t\t<\/td>\n\t\t<\/tr>\n\t\t<tr>\n\t\t\t<th style=\"text-align: left; vertical-align: middle;\">\n\t\t\t\t<p><span class=\"CF7_unreq\">\u4efb\u610f<\/span>\u56e3\u4f53\u30fb\u4f01\u696d\u540d\n\t\t\t\t<\/p>\n\t\t\t<\/th>\n\t\t\t<td>\n\t\t\t\t<p><span class=\"wpcf7-form-control-wrap\" data-name=\"your-company\"><input size=\"40\" class=\"wpcf7-form-control wpcf7-text\" aria-invalid=\"false\" placeholder=\"\u4f8b\uff1a\u25ef\u25ef\u682a\u5f0f\u4f1a\u793e\" value=\"\" type=\"text\" name=\"your-company\" \/><\/span>\n\t\t\t\t<\/p>\n\t\t\t<\/td>\n\t\t<\/tr>\n\t\t<tr>\n\t\t\t<th style=\"text-align: left; vertical-align: middle;\">\n\t\t\t\t<p><span class=\"CF7_unreq\">\u4efb\u610f<\/span>\u90f5\u4fbf\u756a\u53f7\n\t\t\t\t<\/p>\n\t\t\t<\/th>\n\t\t\t<td>\n\t\t\t\t<p><span class=\"wpcf7-form-control-wrap\" data-name=\"zip\"><input size=\"40\" class=\"wpcf7-form-control wpcf7-text\" id=\"zip\" aria-invalid=\"false\" placeholder=\"\u4f8b\uff1a123-4567\" value=\"\" type=\"text\" name=\"zip\" \/><\/span>\n\t\t\t\t<\/p>\n\t\t\t<\/td>\n\t\t<\/tr>\n\t\t<tr>\n\t\t\t<th style=\"text-align: left; vertical-align: middle;\">\n\t\t\t\t<p><span class=\"CF7_unreq\">\u4efb\u610f<\/span>\u90fd\u9053\u5e9c\u770c\n\t\t\t\t<\/p>\n\t\t\t<\/th>\n\t\t\t<td>\n\t\t\t\t<p><span class=\"wpcf7-form-control-wrap\" data-name=\"pref\"><input size=\"40\" class=\"wpcf7-form-control wpcf7-text\" id=\"pref\" aria-invalid=\"false\" placeholder=\"\u4f8b\uff1a\u4e09\u91cd\u770c\" value=\"\" type=\"text\" name=\"pref\" \/><\/span>\n\t\t\t\t<\/p>\n\t\t\t<\/td>\n\t\t<\/tr>\n\t\t<tr>\n\t\t\t<th style=\"text-align: left; vertical-align: middle;\">\n\t\t\t\t<p><span class=\"CF7_unreq\">\u4efb\u610f<\/span>\u3054\u4f4f\u6240\n\t\t\t\t<\/p>\n\t\t\t<\/th>\n\t\t\t<td class=\"address-100\">\n\t\t\t\t<p><span class=\"wpcf7-form-control-wrap\" data-name=\"addr\"><input size=\"40\" class=\"wpcf7-form-control wpcf7-text\" id=\"addr\" aria-invalid=\"false\" placeholder=\"\u4f8b\uff1a\u9234\u9e7f\u5e02\u9ad8\u5ca1\u53f0\u4e00\u4e01\u76ee3\u756a11\u53f7\" value=\"\" type=\"text\" name=\"addr\" \/><\/span>\n\t\t\t\t<\/p>\n\t\t\t<\/td>\n\t\t<\/tr>\n\t\t<tr>\n\t\t\t<th style=\"text-align: left; vertical-align: middle;\">\n\t\t\t\t<p><span class=\"CF7_unreq\">\u4efb\u610f<\/span>\u304a\u96fb\u8a71\u756a\u53f7\n\t\t\t\t<\/p>\n\t\t\t<\/th>\n\t\t\t<td>\n\t\t\t\t<p><span class=\"wpcf7-form-control-wrap\" data-name=\"your-tel\"><input size=\"40\" class=\"wpcf7-form-control wpcf7-text\" aria-invalid=\"false\" placeholder=\"\u4f8b\uff1a059-1234-5678\" value=\"\" type=\"text\" name=\"your-tel\" \/><\/span>\n\t\t\t\t<\/p>\n\t\t\t<\/td>\n\t\t<\/tr>\n\t\t<tr>\n\t\t\t<th style=\"text-align: left; vertical-align: middle;\">\n\t\t\t\t<p><span class=\"CF7_req\">\u5fc5\u9808<\/span>\u30e1\u30c3\u30bb\u30fc\u30b8\u672c\u6587\n\t\t\t\t<\/p>\n\t\t\t<\/th>\n\t\t\t<td class=\"message-100\">\n\t\t\t\t<p><span class=\"wpcf7-form-control-wrap\" data-name=\"your-message\"><textarea cols=\"40\" rows=\"10\" class=\"wpcf7-form-control wpcf7-textarea wpcf7-validates-as-required\" aria-required=\"true\" aria-invalid=\"false\" placeholder=\"\u304a\u554f\u3044\u5408\u308f\u305b\u5185\u5bb9\u3092\u3054\u8a18\u5165\u304f\u3060\u3055\u3044\" name=\"your-message\"><\/textarea><\/span>\n\t\t\t\t<\/p>\n\t\t\t<\/td>\n\t\t<\/tr>\n\t\t<tr>\n\t\t\t<th style=\"text-align: left; vertical-align: middle;\">\n\t\t\t\t<p><span class=\"CF7_unreq\">\u4efb\u610f<\/span>\u6dfb\u4ed8\u30d5\u30a1\u30a4\u30eb1\n\t\t\t\t<\/p>\n\t\t\t<\/th>\n\t\t\t<td class=\"address-100\">\n\t\t\t\t<p><span class=\"wpcf7-form-control-wrap\" data-name=\"file-905\"><input size=\"40\" class=\"wpcf7-form-control wpcf7-file\" accept=\"audio\/*,video\/*,image\/*\" aria-invalid=\"false\" type=\"file\" name=\"file-905\" \/><\/span>\n\t\t\t\t<\/p>\n\t\t\t<\/td>\n\t\t<\/tr>\n\t\t<tr>\n\t\t\t<th style=\"text-align: left; vertical-align: middle;\">\n\t\t\t\t<p><span class=\"CF7_unreq\">\u4efb\u610f<\/span>\u6dfb\u4ed8\u30d5\u30a1\u30a4\u30eb2\n\t\t\t\t<\/p>\n\t\t\t<\/th>\n\t\t\t<td class=\"address-100\">\n\t\t\t\t<p><span class=\"wpcf7-form-control-wrap\" data-name=\"file-906\"><input size=\"40\" class=\"wpcf7-form-control wpcf7-file\" accept=\"audio\/*,video\/*,image\/*\" aria-invalid=\"false\" type=\"file\" name=\"file-906\" \/><\/span>\n\t\t\t\t<\/p>\n\t\t\t<\/td>\n\t\t<\/tr>\n\t\t<tr>\n\t\t\t<th style=\"text-align: left; vertical-align: middle;\">\n\t\t\t\t<p><span class=\"CF7_unreq\">\u4efb\u610f<\/span>\u6dfb\u4ed8\u30d5\u30a1\u30a4\u30eb3\n\t\t\t\t<\/p>\n\t\t\t<\/th>\n\t\t\t<td class=\"address-100\">\n\t\t\t\t<p><span class=\"wpcf7-form-control-wrap\" data-name=\"file-907\"><input size=\"40\" class=\"wpcf7-form-control wpcf7-file\" accept=\"audio\/*,video\/*,image\/*\" aria-invalid=\"false\" type=\"file\" name=\"file-907\" \/><\/span>\n\t\t\t\t<\/p>\n\t\t\t<\/td>\n\t\t<\/tr>\n\t<\/tbody>\n<\/table>\n<p>&nbsp;\n<\/p>\n<p style=\"text-align: center;\"><span class=\"wpcf7-form-control-wrap\" data-name=\"accept-this\"><span class=\"wpcf7-form-control wpcf7-acceptance\"><span class=\"wpcf7-list-item\"><input type=\"checkbox\" name=\"accept-this\" value=\"1\" aria-invalid=\"false\" \/><\/span><\/span><\/span><strong><span style=\"color: #048f2e;\"><a style=\"color: #048f2e;\" href=\"https:\/\/moribito3.net\/support\/privacy-policy\/\" target=\"_blank\" rel=\"noopener\">\u5f0a\u793e\u306e\u500b\u4eba\u60c5\u5831\u306e\u53d6\u6271\u3044<\/a><\/span><\/strong>\u306b\u3064\u3044\u3066\u3001\u540c\u610f\u306e\u4e0a\u9001\u4fe1\u3057\u307e\u3059\u3002\n<\/p>\n<p>&nbsp;\n<\/p>\n<p class=\"CF7_btn\"><input class=\"wpcf7-form-control wpcf7-submit has-spinner\" type=\"submit\" value=\"\u9001\u4fe1\u3059\u308b\" \/>\n<\/p><div class=\"wpcf7-response-output\" aria-hidden=\"true\"><\/div>\n<\/form>\n<\/div>\n\n","protected":false},"excerpt":{"rendered":"\u4e0b\u8a18\u306e\u30d5\u30a9\u30fc\u30e0\u3088\u308a\u3001\u3069\u3046\u305e\u304a\u6c17\u8efd\u306b\u304a\u554f\u3044\u5408\u308f\u305b\u304f\u3060\u3055\u3044\u3002","protected":false},"author":1,"featured_media":151,"parent":0,"menu_order":200,"comment_status":"closed","ping_status":"closed","template":"","meta":{"content-type":"","footnotes":""},"class_list":["post-94","page","type-page","status-publish","has-post-thumbnail","hentry"],"_links":{"self":[{"href":"https:\/\/moribito3.net\/support\/wp-json\/wp\/v2\/pages\/94","targetHints":{"allow":["GET"]}}],"collection":[{"href":"https:\/\/moribito3.net\/support\/wp-json\/wp\/v2\/pages"}],"about":[{"href":"https:\/\/moribito3.net\/support\/wp-json\/wp\/v2\/types\/page"}],"author":[{"embeddable":true,"href":"https:\/\/moribito3.net\/support\/wp-json\/wp\/v2\/users\/1"}],"replies":[{"embeddable":true,"href":"https:\/\/moribito3.net\/support\/wp-json\/wp\/v2\/comments?post=94"}],"version-history":[{"count":8,"href":"https:\/\/moribito3.net\/support\/wp-json\/wp\/v2\/pages\/94\/revisions"}],"predecessor-version":[{"id":566,"href":"https:\/\/moribito3.net\/support\/wp-json\/wp\/v2\/pages\/94\/revisions\/566"}],"wp:featuredmedia":[{"embeddable":true,"href":"https:\/\/moribito3.net\/support\/wp-json\/wp\/v2\/media\/151"}],"wp:attachment":[{"href":"https:\/\/moribito3.net\/support\/wp-json\/wp\/v2\/media?parent=94"}],"curies":[{"name":"wp","href":"https:\/\/api.w.org\/{rel}","templated":true}]}}